{"id":1609,"date":"2024-08-05T13:34:24","date_gmt":"2024-08-05T13:34:24","guid":{"rendered":"https:\/\/osnakoch.de\/?post_type=product&#038;p=1609"},"modified":"2026-02-01T12:49:10","modified_gmt":"2026-02-01T12:49:10","slug":"roter-mallorca-zauber","status":"publish","type":"product","link":"https:\/\/osnakoch.de\/de\/produkt\/roter-mallorca-zauber\/","title":{"rendered":"Roter Mallorca Zauber"},"content":{"rendered":"<p><strong>Mallorquinisches Bratenzauber-Gew\u00fcrz \u2013 250g<\/strong><\/p>\n<p>Verleihe deinen Braten und Grillgerichten den perfekten Geschmack mit dem <strong>Mallorquinischen Bratenzauber<\/strong>! Diese Gew\u00fcrzmischung eignet sich hervorragend f\u00fcr <strong>Spiessbraten<\/strong>, <strong>Chicken Wings<\/strong>, <strong>Bauchfleisch<\/strong>, <strong>Steaks<\/strong>, <strong>Rollbraten<\/strong>, <strong>Schnitzel<\/strong> in der Pfanne und vieles mehr. Aber auch f\u00fcr <strong>Dips<\/strong>, <strong>Dressings<\/strong>, <strong>Marinaden<\/strong> (mit Bier, \u00d6l oder trocken) ist dieses Gew\u00fcrz die perfekte Wahl. Sogar <strong>Kartoffelwedges<\/strong> werden au\u00dfen knusprig und innen zart, und <strong>Gem\u00fcse im Backteig<\/strong> erh\u00e4lt eine aromatische Note.<\/p>\n<p><strong>Vorteile:<\/strong><\/p>\n<ul>\n<li><strong>Vielseitig einsetzbar:<\/strong> Perfekt f\u00fcr Braten, Fleisch, Gem\u00fcse, Dips und Marinaden.<\/li>\n<li><strong>Gut dosierbar:<\/strong> F\u00fcr jedes Gericht den richtigen Geschmack \u2013 ob mit kurzer oder langer Marinierzeit.<\/li>\n<li><strong>Frisch gem\u00f6rsert:<\/strong> Alle Gew\u00fcrze werden frisch nach Bestellung gem\u00f6rsert, um das beste Aroma zu gew\u00e4hrleisten.<\/li>\n<li><strong>Nachhaltige Verpackung:<\/strong> Ab sofort in einem <strong>wiederverschlie\u00dfbaren Standbodenbeutel aus Kraftpapier<\/strong>.<\/li>\n<\/ul>\n<p><strong>Preis:<\/strong> 7,99 \u20ac pro 100g<br \/>\n<strong>Menge:<\/strong> 250g<\/p>\n<p><a href=\"https:\/\/osnakoch.de\/wp-content\/uploads\/Rezept-Roter-Zauber.pdf\"><strong>Klick hier f\u00fcr das Rezept<\/strong><\/a> und entdecke, wie du mit diesem Gew\u00fcrz deine Gerichte auf das n\u00e4chste Level hebst!<\/p>\n","protected":false},"excerpt":{"rendered":"<div class=\"flex max-w-full flex-col flex-grow\">\n<div class=\"min-h-8 text-message relative flex w-full flex-col items-end gap-2 whitespace-normal break-words text-start [.text-message+&amp;]:mt-5\" dir=\"auto\" data-message-author-role=\"assistant\" data-message-id=\"1a4046ee-d0fc-4f5f-b5df-e4fd7dd0706a\" data-message-model-slug=\"gpt-4o-mini\">\n<div class=\"flex w-full flex-col gap-1 empty:hidden first:pt-[3px]\">\n<div class=\"markdown prose w-full break-words dark:prose-invert light\">\n<p data-start=\"0\" data-end=\"410\" data-is-only-node=\"\" data-is-last-node=\"\"><strong data-start=\"0\" data-end=\"50\" data-is-only-node=\"\">Roter Mallorca Zauber \u2013 Magia Roja de Mallorca<\/strong><br data-start=\"50\" data-end=\"53\" \/>Ein w\u00fcrziges, vielseitiges Gew\u00fcrz f\u00fcr zarte, saftige Braten, Steaks und mehr! Perfekt f\u00fcr den Grill, Ofen, Pfanne oder R\u00f6mertopf. Ideal als Rub f\u00fcr <strong data-start=\"201\" data-end=\"216\">Pulled Pork<\/strong>, f\u00fcr <strong data-start=\"222\" data-end=\"248\">Gem\u00fcse im Tempura-Teig<\/strong>, <strong data-start=\"250\" data-end=\"267\">Patata Bravas<\/strong>, <strong data-start=\"269\" data-end=\"282\">Dressings<\/strong> und <strong data-start=\"287\" data-end=\"327\">Hausgemachte Kartoffelecken (Wedges)<\/strong>. Verleiht jedem Gericht eine einzigartige, k\u00f6stliche Note. Unbedingt ausprobieren!<\/p>\n<\/div>\n<\/div>\n<\/div>\n<\/div>\n<div class=\"mb-2 flex gap-3 -ml-2\" tabindex=\"0\">\n<div class=\"flex items-center justify-start rounded-xl p-1\">\n<div>\n<div class=\"flex items-center transition-opacity group-hover\/turn:opacity-100 opacity-100\"><\/div>\n<\/div>\n<\/div>\n<\/div>\n<p>&nbsp;<\/p>\n<p>&nbsp;<\/p>\n","protected":false},"featured_media":2154,"comment_status":"open","ping_status":"closed","template":"","meta":[],"product_brand":[],"product_cat":[68],"product_tag":[232,239,233,238,207,235,237,234,236,208],"class_list":{"0":"post-1609","1":"product","2":"type-product","3":"status-publish","4":"has-post-thumbnail","6":"product_cat-gewurzmischungen","7":"product_tag-chicken-wings","8":"product_tag-drum-sticks","9":"product_tag-fluegel","10":"product_tag-gefluegel","11":"product_tag-osnakoch","12":"product_tag-pulled-pork","13":"product_tag-rollbraten","14":"product_tag-spiessbraten-schaschlik","15":"product_tag-steak","16":"product_tag-steak-hunsruecker-art-idar-oberstein","18":"first","19":"instock","20":"featured","21":"shipping-taxable","22":"purchasable","23":"product-type-simple"},"_links":{"self":[{"href":"https:\/\/osnakoch.de\/de\/wp-json\/wp\/v2\/product\/1609","targetHints":{"allow":["GET"]}}],"collection":[{"href":"https:\/\/osnakoch.de\/de\/wp-json\/wp\/v2\/product"}],"about":[{"href":"https:\/\/osnakoch.de\/de\/wp-json\/wp\/v2\/types\/product"}],"replies":[{"embeddable":true,"href":"https:\/\/osnakoch.de\/de\/wp-json\/wp\/v2\/comments?post=1609"}],"wp:featuredmedia":[{"embeddable":true,"href":"https:\/\/osnakoch.de\/de\/wp-json\/wp\/v2\/media\/2154"}],"wp:attachment":[{"href":"https:\/\/osnakoch.de\/de\/wp-json\/wp\/v2\/media?parent=1609"}],"wp:term":[{"taxonomy":"product_brand","embeddable":true,"href":"https:\/\/osnakoch.de\/de\/wp-json\/wp\/v2\/product_brand?post=1609"},{"taxonomy":"product_cat","embeddable":true,"href":"https:\/\/osnakoch.de\/de\/wp-json\/wp\/v2\/product_cat?post=1609"},{"taxonomy":"product_tag","embeddable":true,"href":"https:\/\/osnakoch.de\/de\/wp-json\/wp\/v2\/product_tag?post=1609"}],"curies":[{"name":"wp","href":"https:\/\/api.w.org\/{rel}","templated":true}]}}