{"id":1610,"date":"2024-08-05T13:51:38","date_gmt":"2024-08-05T13:51:38","guid":{"rendered":"https:\/\/osnakoch.de\/?post_type=product&#038;p=1610"},"modified":"2025-10-28T07:45:32","modified_gmt":"2025-10-28T07:45:32","slug":"scharfes-schwert-chili-gewuerzmischung","status":"publish","type":"product","link":"https:\/\/osnakoch.de\/de\/produkt\/scharfes-schwert-chili-gewuerzmischung\/","title":{"rendered":"Scharfes Schwert de Mallorca"},"content":{"rendered":"<p data-start=\"0\" data-end=\"60\"><strong data-start=\"0\" data-end=\"60\">Scharfes Schwert de Mallorca \u2013 Chili Gew\u00fcrzmischung 200g<\/strong><\/p>\n<p data-start=\"62\" data-end=\"523\">Verleihe deinen Gerichten die perfekte Sch\u00e4rfe mit der <strong data-start=\"117\" data-end=\"170\">Scharfes Schwert de Mallorca Chili Gew\u00fcrzmischung<\/strong>! Ideal f\u00fcr <strong data-start=\"182\" data-end=\"201\">Chili con Carne<\/strong>, <strong data-start=\"203\" data-end=\"214\">Gulasch<\/strong>, <strong data-start=\"216\" data-end=\"227\">Letscho<\/strong>, <strong data-start=\"229\" data-end=\"248\">Spicy Thai Food<\/strong> und viele andere pikante Kreationen. Diese hochwertige Mischung aus <strong data-start=\"317\" data-end=\"328\">Paprika<\/strong>, <strong data-start=\"330\" data-end=\"341\">Pfeffer<\/strong>, <strong data-start=\"343\" data-end=\"352\">Chili<\/strong>, <strong data-start=\"354\" data-end=\"366\">Kr\u00e4utern<\/strong>, <strong data-start=\"368\" data-end=\"380\">Gew\u00fcrzen<\/strong> und <strong data-start=\"385\" data-end=\"414\">mallorquinischem Meersalz<\/strong> sorgt f\u00fcr zarte, saftige und pikante Geschmacksexplosionen, die deinem Gericht den perfekten Kick verleihen.<\/p>\n<p data-start=\"525\" data-end=\"543\"><strong data-start=\"525\" data-end=\"543\">Eigenschaften:<\/strong><\/p>\n<ul data-start=\"544\" data-end=\"911\">\n<li data-start=\"544\" data-end=\"633\"><strong data-start=\"546\" data-end=\"564\">Gut dosierbar:<\/strong> F\u00fcr individuell anpassbare Sch\u00e4rfe \u2013 brennt garantiert auch zweimal!<\/li>\n<li data-start=\"634\" data-end=\"688\"><strong data-start=\"636\" data-end=\"651\">Vielseitig:<\/strong> Ideal f\u00fcr Fleisch, Fisch und Gem\u00fcse.<\/li>\n<li data-start=\"689\" data-end=\"802\"><strong data-start=\"691\" data-end=\"712\">Frisch gem\u00f6rsert:<\/strong> Alle Gew\u00fcrze werden nach der Bestellung frisch gem\u00f6rsert, um das volle Aroma zu erhalten.<\/li>\n<li data-start=\"803\" data-end=\"911\"><strong data-start=\"805\" data-end=\"832\">Nachhaltige Verpackung:<\/strong> Ab sofort in einem <strong data-start=\"852\" data-end=\"910\">wiederverschlie\u00dfbaren Standbodenbeutel aus Kraftpapier<\/strong>.<\/li>\n<\/ul>\n<p data-start=\"913\" data-end=\"957\"><strong data-start=\"913\" data-end=\"923\">Preis:<\/strong> 9,99 \u20ac pro 100g<br data-start=\"939\" data-end=\"942\" \/><strong data-start=\"942\" data-end=\"952\">Menge:<\/strong> 200g<\/p>\n<p data-start=\"959\" data-end=\"1085\" data-is-last-node=\"\" data-is-only-node=\"\">Perfekt f\u00fcr alle, die w\u00fcrzige, zarte und saftige Gerichte lieben. Hol dir das <strong data-start=\"1037\" data-end=\"1069\">Mallorquinische Sonnen-Aroma<\/strong> in deine K\u00fcche!<\/p>\n","protected":false},"excerpt":{"rendered":"<div class=\"flex max-w-full flex-col flex-grow\">\n<div class=\"min-h-8 text-message relative flex w-full flex-col items-end gap-2 whitespace-normal break-words text-start [.text-message+&amp;]:mt-5\" dir=\"auto\" data-message-author-role=\"assistant\" data-message-id=\"88fa45bb-fa85-4c95-8649-564f912cfde9\" data-message-model-slug=\"gpt-4o-mini\">\n<div class=\"flex w-full flex-col gap-1 empty:hidden first:pt-[3px]\">\n<div class=\"markdown prose w-full break-words dark:prose-invert light\">\n<p data-start=\"0\" data-end=\"37\"><strong data-start=\"0\" data-end=\"37\">Hot &amp; Spicy Gew\u00fcrzmischung \u2013 200g<\/strong><\/p>\n<p data-start=\"39\" data-end=\"448\" data-is-last-node=\"\" data-is-only-node=\"\">Die perfekte Mischung f\u00fcr alle, die es richtig scharf m\u00f6gen! <strong data-start=\"100\" data-end=\"115\">Hot &amp; Spicy<\/strong> ist gut dosierbar und sorgt f\u00fcr eine intensive, pikante W\u00fcrze in <strong data-start=\"181\" data-end=\"191\">Chilis<\/strong>, <strong data-start=\"193\" data-end=\"225\">Fladenbrot mit Kraut &amp; Sauce<\/strong> und vielen weiteren Gerichten. Mit <strong data-start=\"261\" data-end=\"284\">mega Pfefferst\u00fccken<\/strong> und einer ausgewogenen Sch\u00e4rfe ist diese Mischung ideal f\u00fcr alles, was es richtig krachen lassen soll. Probiere es aus und bring die richtige W\u00fcrze in deine K\u00fcche!<\/p>\n<\/div>\n<\/div>\n<\/div>\n<\/div>\n<div class=\"mb-2 flex gap-3 -ml-2\" tabindex=\"0\">\n<div class=\"flex items-center justify-start rounded-xl p-1\">\n<div>\n<div class=\"flex items-center transition-opacity group-hover\/turn:opacity-100 opacity-100\"><\/div>\n<\/div>\n<\/div>\n<\/div>\n<p><strong>\u00a0<\/strong><\/p>\n<p>&nbsp;<\/p>\n","protected":false},"featured_media":2151,"comment_status":"open","ping_status":"closed","template":"","meta":[],"product_brand":[],"product_cat":[68],"product_tag":[232,240,239,233,238,241,242,207,235,237,243,234,236,208],"class_list":{"0":"post-1610","1":"product","2":"type-product","3":"status-publish","4":"has-post-thumbnail","6":"product_cat-gewurzmischungen","7":"product_tag-chicken-wings","8":"product_tag-chili-con-carne","9":"product_tag-drum-sticks","10":"product_tag-fluegel","11":"product_tag-gefluegel","12":"product_tag-gulasch","13":"product_tag-letscho","14":"product_tag-osnakoch","15":"product_tag-pulled-pork","16":"product_tag-rollbraten","17":"product_tag-spicy-thai-food","18":"product_tag-spiessbraten-schaschlik","19":"product_tag-steak","20":"product_tag-steak-hunsruecker-art-idar-oberstein","22":"first","23":"instock","24":"featured","25":"shipping-taxable","26":"purchasable","27":"product-type-simple"},"_links":{"self":[{"href":"https:\/\/osnakoch.de\/de\/wp-json\/wp\/v2\/product\/1610","targetHints":{"allow":["GET"]}}],"collection":[{"href":"https:\/\/osnakoch.de\/de\/wp-json\/wp\/v2\/product"}],"about":[{"href":"https:\/\/osnakoch.de\/de\/wp-json\/wp\/v2\/types\/product"}],"replies":[{"embeddable":true,"href":"https:\/\/osnakoch.de\/de\/wp-json\/wp\/v2\/comments?post=1610"}],"wp:featuredmedia":[{"embeddable":true,"href":"https:\/\/osnakoch.de\/de\/wp-json\/wp\/v2\/media\/2151"}],"wp:attachment":[{"href":"https:\/\/osnakoch.de\/de\/wp-json\/wp\/v2\/media?parent=1610"}],"wp:term":[{"taxonomy":"product_brand","embeddable":true,"href":"https:\/\/osnakoch.de\/de\/wp-json\/wp\/v2\/product_brand?post=1610"},{"taxonomy":"product_cat","embeddable":true,"href":"https:\/\/osnakoch.de\/de\/wp-json\/wp\/v2\/product_cat?post=1610"},{"taxonomy":"product_tag","embeddable":true,"href":"https:\/\/osnakoch.de\/de\/wp-json\/wp\/v2\/product_tag?post=1610"}],"curies":[{"name":"wp","href":"https:\/\/api.w.org\/{rel}","templated":true}]}}