{"id":1892,"date":"2025-01-04T09:58:18","date_gmt":"2025-01-04T09:58:18","guid":{"rendered":"https:\/\/osnakoch.de\/?post_type=product&#038;p=1892"},"modified":"2025-06-10T05:29:44","modified_gmt":"2025-06-10T05:29:44","slug":"steak-gewuerz-zauber-mallorca-sonne-geniessen","status":"publish","type":"product","link":"https:\/\/osnakoch.de\/de\/produkt\/steak-gewuerz-zauber-mallorca-sonne-geniessen\/","title":{"rendered":"Osnakoch Gew\u00fcrz im magischen 3 er Pack"},"content":{"rendered":"<div class=\"flex max-w-full flex-col flex-grow\">\n<div class=\"min-h-8 text-message relative flex w-full flex-col items-end gap-2 whitespace-normal break-words text-start [.text-message+&amp;]:mt-5\" dir=\"auto\" data-message-author-role=\"assistant\" data-message-id=\"931ea548-7708-43e0-840d-12f0cb81cbf7\" data-message-model-slug=\"gpt-4o-mini\">\n<div class=\"flex w-full flex-col gap-1 empty:hidden first:pt-[3px]\">\n<div class=\"markdown prose w-full break-words dark:prose-invert light\">\n<p data-start=\"0\" data-end=\"445\" data-is-last-node=\"\" data-is-only-node=\"\"><strong data-start=\"0\" data-end=\"41\" data-is-only-node=\"\">Osnakoch Gew\u00fcrz im magischen 3er Pack<\/strong><br data-start=\"41\" data-end=\"44\" \/>Entdecke die Vielfalt unserer einzigartigen Gew\u00fcrzmischungen im praktischen 3er Pack! Perfekt abgestimmt, um deine Gerichte auf ein neues Level zu heben \u2013 ideal f\u00fcr Grill, Pfanne oder Ofen. Mit unseren exklusiven Gew\u00fcrzen kannst du deine Lieblingsgerichte wie Steaks, Braten, Gem\u00fcse und vieles mehr verfeinern. Ein Muss f\u00fcr jede K\u00fcche \u2013 hol dir das magische Trio f\u00fcr unglaubliche Geschmackserlebnisse!<\/p>\n<p data-start=\"0\" data-end=\"445\" data-is-last-node=\"\" data-is-only-node=\"\">Da wird der Hund im Pool verr\u00fcckt!<\/p>\n<p data-start=\"0\" data-end=\"445\" data-is-last-node=\"\" data-is-only-node=\"\">Perfekt, um deinen Gerichten den besonderen Geschmack zu verleihen.<\/p>\n<p data-start=\"0\" data-end=\"445\" data-is-last-node=\"\" data-is-only-node=\"\">Probier es aus und \u00fcberzeug dich selbst von der Qualit\u00e4t und dem unverwechselbaren Aroma!<\/p>\n<p data-start=\"0\" data-end=\"445\" data-is-last-node=\"\" data-is-only-node=\"\">\n<\/div>\n<\/div>\n<\/div>\n<\/div>\n<div class=\"mb-2 flex gap-3 -ml-2\" tabindex=\"0\"><em data-start=\"0\" data-end=\"62\">Versandkostenfrei \u2013 Osnakoch Gew\u00fcrz im 3er Pack (3 x 250g)<\/em>7,90\u20ac\/100g<\/div>\n<p>&nbsp;<\/p>\n<p><strong><span style=\"font-size: 120%;\"><a href=\"https:\/\/osnakoch.de\/wp-content\/uploads\/2024\/08\/Rezept-gemuese-Schinderhannes.pdf\" target=\"_blank\" rel=\"noopener\">Rezept Hier<\/a><\/span><\/strong><\/p>\n<p>&nbsp;<\/p>\n<p>&nbsp;<\/p>\n","protected":false},"excerpt":{"rendered":"<p><strong>Die 3, die man haben muss \u2013 Osnakoch Gew\u00fcrz im 3er Pack (3 x 250g)<\/strong><\/p>\n<p>Hol dir jetzt das magische 3er Pack mit 250g jeder unserer einzigartigen Gew\u00fcrzmischungen \u2013 versandkostenfrei<\/p>\n<p>Die perfekten Gew\u00fcrze f\u00fcr Steaks, Gem\u00fcse, Braten und viele weitere Gerichte!<\/p>\n<p>Dieser magische 3er Pack enth\u00e4lt die ultimativen Rubs, die sich perfekt kombinieren lassen<\/p>\n<div class=\"mb-2 flex gap-3 -ml-2\" tabindex=\"0\"><\/div>\n","protected":false},"featured_media":2155,"comment_status":"open","ping_status":"closed","template":"","meta":[],"product_brand":[],"product_cat":[68],"product_tag":[249,207,248,251,247,252,236,250],"class_list":{"0":"post-1892","1":"product","2":"type-product","3":"status-publish","4":"has-post-thumbnail","6":"product_cat-gewurzmischungen","7":"product_tag-mallorca","8":"product_tag-osnakoch","9":"product_tag-rote","10":"product_tag-scharfes","11":"product_tag-schinderhannes","12":"product_tag-schwert","13":"product_tag-steak","14":"product_tag-zauber","16":"first","17":"instock","18":"sale","19":"featured","20":"shipping-taxable","21":"purchasable","22":"product-type-simple"},"_links":{"self":[{"href":"https:\/\/osnakoch.de\/de\/wp-json\/wp\/v2\/product\/1892","targetHints":{"allow":["GET"]}}],"collection":[{"href":"https:\/\/osnakoch.de\/de\/wp-json\/wp\/v2\/product"}],"about":[{"href":"https:\/\/osnakoch.de\/de\/wp-json\/wp\/v2\/types\/product"}],"replies":[{"embeddable":true,"href":"https:\/\/osnakoch.de\/de\/wp-json\/wp\/v2\/comments?post=1892"}],"wp:featuredmedia":[{"embeddable":true,"href":"https:\/\/osnakoch.de\/de\/wp-json\/wp\/v2\/media\/2155"}],"wp:attachment":[{"href":"https:\/\/osnakoch.de\/de\/wp-json\/wp\/v2\/media?parent=1892"}],"wp:term":[{"taxonomy":"product_brand","embeddable":true,"href":"https:\/\/osnakoch.de\/de\/wp-json\/wp\/v2\/product_brand?post=1892"},{"taxonomy":"product_cat","embeddable":true,"href":"https:\/\/osnakoch.de\/de\/wp-json\/wp\/v2\/product_cat?post=1892"},{"taxonomy":"product_tag","embeddable":true,"href":"https:\/\/osnakoch.de\/de\/wp-json\/wp\/v2\/product_tag?post=1892"}],"curies":[{"name":"wp","href":"https:\/\/api.w.org\/{rel}","templated":true}]}}