{"id":2156,"date":"2025-03-13T21:57:48","date_gmt":"2025-03-13T21:57:48","guid":{"rendered":"https:\/\/osnakoch.de\/?post_type=product&#038;p=2156"},"modified":"2026-04-02T22:02:14","modified_gmt":"2026-04-02T22:02:14","slug":"einfach-schnell-lecker-kocken","status":"publish","type":"product","link":"https:\/\/osnakoch.de\/de\/produkt\/einfach-schnell-lecker-kocken\/","title":{"rendered":"Einfach kochen mit OSNAKOCH.DE"},"content":{"rendered":"<ul>\n<li><strong>Vielfalt auf dem Teller:<\/strong> Mein Kochbuch bietet eine breite Auswahl an leckeren \u2013 von saftigen <strong>Burgers<\/strong> und <strong>Schaschliks<\/strong> bis hin zu herzhaften <strong>Steaks<\/strong>, vegetarischen Rezepten die nicht nur Fleischesser \u00fcberzeugen.<\/li>\n<li><strong>Kreative Saucen &amp; Vorspeisen:<\/strong> Entdecke vielf\u00e4ltige <strong>Saucen<\/strong>, die deinen Gerichten den perfekten Geschmack verleihen, sowie k\u00f6stliche <strong>Vorspeisen<\/strong>, die jedes Men\u00fc abrunden.<\/li>\n<li><strong>Schnelle und gesunde Suppen:<\/strong> Du findest einfache und n\u00e4hrstoffreiche <strong>Suppen<\/strong> f\u00fcr jede Jahreszeit \u2013 ideal f\u00fcr schnelle Mittagessen oder gem\u00fctliche Abende.<\/li>\n<li><strong>F\u00fcr jeden Anlass:<\/strong> Ob du Lust auf ein gem\u00fctliches Dinner, eine Grillparty oder einfach ein schnelles, gesundes Gericht hast \u2013 dieses Kochbuch hat f\u00fcr jede Gelegenheit das passende Rezept.<\/li>\n<li><strong>Lecker und nahrhaft:<\/strong> Alle Rezepte eine perfekte Balance zwischen Geschmack und Gesundheit. Du wirst \u00fcberrascht sein, wie k\u00f6stlich auch ein paar vegetarische Gerichte sein k\u00f6nnen!<\/li>\n<\/ul>\n<p><a title=\"Schau mal rein klick hier\" href=\"https:\/\/osnakoch.de\/wp-content\/uploads\/Rezepte-mit-Osnakoch-Auszuege.pdf\" target=\"_blank\" rel=\"noopener\">\u201eEinblicke in einfache Kochideen\u201c<\/a><\/p>\n","protected":false},"excerpt":{"rendered":"<p class=\"alt-font\"><strong><span style=\"font-size: 150%;\">Wir kochen einfach, schnell &amp; lecker<\/span><\/strong><\/p>\n<p>immer wieder neue Rezepte Das Kochbuch f\u00fcrs Leben<\/p>\n<p>&nbsp;<\/p>\n","protected":false},"featured_media":2180,"comment_status":"open","ping_status":"closed","template":"","meta":[],"product_brand":[],"product_cat":[244],"product_tag":[245],"class_list":{"0":"post-2156","1":"product","2":"type-product","3":"status-publish","4":"has-post-thumbnail","6":"product_cat-das-unendliche-kochbuch","7":"product_tag-kochbuch-osnakoch-schinderhannes","9":"first","10":"instock","11":"downloadable","12":"virtual","13":"purchasable","14":"product-type-simple"},"_links":{"self":[{"href":"https:\/\/osnakoch.de\/de\/wp-json\/wp\/v2\/product\/2156","targetHints":{"allow":["GET"]}}],"collection":[{"href":"https:\/\/osnakoch.de\/de\/wp-json\/wp\/v2\/product"}],"about":[{"href":"https:\/\/osnakoch.de\/de\/wp-json\/wp\/v2\/types\/product"}],"replies":[{"embeddable":true,"href":"https:\/\/osnakoch.de\/de\/wp-json\/wp\/v2\/comments?post=2156"}],"wp:featuredmedia":[{"embeddable":true,"href":"https:\/\/osnakoch.de\/de\/wp-json\/wp\/v2\/media\/2180"}],"wp:attachment":[{"href":"https:\/\/osnakoch.de\/de\/wp-json\/wp\/v2\/media?parent=2156"}],"wp:term":[{"taxonomy":"product_brand","embeddable":true,"href":"https:\/\/osnakoch.de\/de\/wp-json\/wp\/v2\/product_brand?post=2156"},{"taxonomy":"product_cat","embeddable":true,"href":"https:\/\/osnakoch.de\/de\/wp-json\/wp\/v2\/product_cat?post=2156"},{"taxonomy":"product_tag","embeddable":true,"href":"https:\/\/osnakoch.de\/de\/wp-json\/wp\/v2\/product_tag?post=2156"}],"curies":[{"name":"wp","href":"https:\/\/api.w.org\/{rel}","templated":true}]}}