{"id":2190,"date":"2025-03-15T08:53:54","date_gmt":"2025-03-15T08:53:54","guid":{"rendered":"https:\/\/osnakoch.de\/?post_type=product&#038;p=2190"},"modified":"2025-10-28T07:46:23","modified_gmt":"2025-10-28T07:46:23","slug":"einfach-vegan-kochen-mit-osnakoch","status":"publish","type":"product","link":"https:\/\/osnakoch.de\/de\/produkt\/einfach-vegan-kochen-mit-osnakoch\/","title":{"rendered":"Einfach Vegan kochen"},"content":{"rendered":"<p>&nbsp;<\/p>\n<ul>\n<li><strong>Vielf\u00e4ltige Rezepte f\u00fcr jeden Geschmack:<\/strong> Mein Kochbuch bietet \u00fcber 100 kreative und k\u00f6stliche Rezepte, die nicht nur vegane Klassiker wie Burger und Eint\u00f6pfe beinhalten, sondern auch exotische Gerichte aus aller Welt.<\/li>\n<li><strong>Einfach zuzubereiten:<\/strong> Alle Rezepte sind klar und einfach erkl\u00e4rt \u2013 ideal f\u00fcr Einsteiger und erfahrene K\u00f6che gleicherma\u00dfen. Du brauchst keine speziellen Zutaten oder teure K\u00fcchenger\u00e4te.<\/li>\n<li><strong>Gesund und nachhaltig:<\/strong> Jedes Rezept ist n\u00e4hrstoffreich und hilft dir dabei, dich gesund und bewusst zu ern\u00e4hren, w\u00e4hrend du gleichzeitig einen positiven Einfluss auf die Umwelt hast.<\/li>\n<li><strong>Vielseitig:<\/strong> Perfekt f\u00fcr alle Anl\u00e4sse \u2013 sei es f\u00fcr schnelle Alltagsgerichte, gem\u00fctliche Wochenendessen oder festliche Feiern.<\/li>\n<li><strong>F\u00fcr jeden Ern\u00e4hrungsstil geeignet:<\/strong> Ob du dich f\u00fcr eine rein pflanzliche Ern\u00e4hrung, glutenfrei oder zuckerfrei entscheidest, es gibt zahlreiche Optionen, die du problemlos anpassen kannst.<\/li>\n<\/ul>\n","protected":false},"excerpt":{"rendered":"<p class=\"alt-font\"><strong><span style=\"font-size: 150%;\">Vegane Powerk\u00fcche die Energie aus Pflanzen einfach, schnell &amp; lecker<\/span><\/strong><\/p>\n","protected":false},"featured_media":2192,"comment_status":"open","ping_status":"closed","template":"","meta":[],"product_brand":[],"product_cat":[244],"product_tag":[257,256,254,255,253],"class_list":{"0":"post-2190","1":"product","2":"type-product","3":"status-publish","4":"has-post-thumbnail","6":"product_cat-das-unendliche-kochbuch","7":"product_tag-guenstig","8":"product_tag-lecker","9":"product_tag-poweerfood","10":"product_tag-schnell","11":"product_tag-vegan","13":"first","14":"instock","15":"downloadable","16":"virtual","17":"purchasable","18":"product-type-simple"},"_links":{"self":[{"href":"https:\/\/osnakoch.de\/de\/wp-json\/wp\/v2\/product\/2190","targetHints":{"allow":["GET"]}}],"collection":[{"href":"https:\/\/osnakoch.de\/de\/wp-json\/wp\/v2\/product"}],"about":[{"href":"https:\/\/osnakoch.de\/de\/wp-json\/wp\/v2\/types\/product"}],"replies":[{"embeddable":true,"href":"https:\/\/osnakoch.de\/de\/wp-json\/wp\/v2\/comments?post=2190"}],"wp:featuredmedia":[{"embeddable":true,"href":"https:\/\/osnakoch.de\/de\/wp-json\/wp\/v2\/media\/2192"}],"wp:attachment":[{"href":"https:\/\/osnakoch.de\/de\/wp-json\/wp\/v2\/media?parent=2190"}],"wp:term":[{"taxonomy":"product_brand","embeddable":true,"href":"https:\/\/osnakoch.de\/de\/wp-json\/wp\/v2\/product_brand?post=2190"},{"taxonomy":"product_cat","embeddable":true,"href":"https:\/\/osnakoch.de\/de\/wp-json\/wp\/v2\/product_cat?post=2190"},{"taxonomy":"product_tag","embeddable":true,"href":"https:\/\/osnakoch.de\/de\/wp-json\/wp\/v2\/product_tag?post=2190"}],"curies":[{"name":"wp","href":"https:\/\/api.w.org\/{rel}","templated":true}]}}