{"id":2209,"date":"2025-03-15T14:46:30","date_gmt":"2025-03-15T14:46:30","guid":{"rendered":"https:\/\/osnakoch.de\/?post_type=product&#038;p=2209"},"modified":"2026-02-12T07:01:29","modified_gmt":"2026-02-12T07:01:29","slug":"100-selbstgemachte-hundekekse-gesund","status":"publish","type":"product","link":"https:\/\/osnakoch.de\/de\/produkt\/100-selbstgemachte-hundekekse-gesund\/","title":{"rendered":"100 selbstgemachte Hundekekse gesunde leckerli"},"content":{"rendered":"<h3 class=\"western\">Selbstgemachte Hundekekse? Power gesunde Leckerbissen<\/h3>\n<p>Hunde Cookies oder leckerlies selbst zu machen bietet nicht nur eine gro\u00dfartige M\u00f6glichkeit, deinem Hund gesunde, nat\u00fcrliche Snacks zu geben, sondern auch, eine engere Bindung zu deinem vierbeinigen Freund aufzubauen. Im Supermarkt verf\u00fcgbare Hundeleckerlis enthalten oft k\u00fcnstliche Zus\u00e4tze, Zucker oder Konservierungsstoffe, die f\u00fcr deinen Hund weniger gesund sind. Wenn du die Leckerbissen selbst zubereitest, wei\u00dft du genau, welche Zutaten verwendet werden, und kannst sie an die speziellen Bed\u00fcrfnisse oder Vorlieben deines Hundes anpassen.<\/p>\n<p>Selbstgemachte Hundesnacks bieten zahlreiche Vorteile:<\/p>\n<ul>\n<li><strong>Gesundheit und Qualit\u00e4t:<\/strong> Du kannst frische, gesunde Zutaten verwenden, die frei von k\u00fcnstlichen Farbstoffen oder Geschmacksverst\u00e4rkern sind.<\/li>\n<li><strong>Individualit\u00e4t:<\/strong> Du kannst die Leckerbissen so gestalten, dass sie perfekt zum Geschmack und den Bed\u00fcrfnissen deines Hundes passen, egal ob er Allergien oder bestimmte Vorlieben hat.<\/li>\n<li><strong>Spa\u00df und Kreativit\u00e4t:<\/strong> Das Zubereiten der Snacks f\u00fcr deinen Hund macht nicht nur Spa\u00df, sondern bietet dir auch die Gelegenheit, kreativ zu werden und verschiedene Rezepte auszuprobieren.<\/li>\n<li><strong>Kosteng\u00fcnstig:<\/strong> Selbstgemachte Leckerbissen sind oft g\u00fcnstiger als Fertigprodukte, besonders wenn du Zutaten in gr\u00f6\u00dferen Mengen kaufst.<\/li>\n<\/ul>\n<p>Also, warum nicht deinem Hund etwas Gutes tun und ihn mit einem k\u00f6stlichen, selbstgemachten Snack verw\u00f6hnen? Und man wei\u00df genau was drin ist.<\/p>\n<p><a href=\"https:\/\/www.facebook.com\/groups\/129043417241838\/?hoisted_section_header_type=recently_seen&amp;multi_permalinks=3018935544919263\" target=\"_blank\" rel=\"nofollow noopener sponsored\">Tierisches Mallorca<\/a><\/p>\n","protected":false},"excerpt":{"rendered":"<div class=\"flex max-w-full flex-col flex-grow\">\n<div class=\"min-h-8 text-message relative flex w-full flex-col items-end gap-2 whitespace-normal break-words text-start [.text-message+&amp;]:mt-5\" dir=\"auto\" data-message-author-role=\"assistant\" data-message-id=\"21a5556f-a14a-4d48-9313-56ac31ce0dd3\" data-message-model-slug=\"gpt-4o-mini\">\n<div class=\"flex w-full flex-col gap-1 empty:hidden first:pt-[3px]\">\n<div class=\"markdown prose w-full break-words dark:prose-invert light\">\n<p data-start=\"58\" data-end=\"455\" data-is-last-node=\"\" data-is-only-node=\"\">Diese selbstgemachten Hundekekse \/ Cookies bieten deinem Vierbeiner einen gesunden Snack voller Energie! Mit hochwertigen, nat\u00fcrlichen Zutaten wie Vollkornmehl, Karotten und Haferflocken sind sie nicht nur lecker, sondern auch nahrhaft und gut f\u00fcr die Verdauung. Ideal f\u00fcr Trainingseinheiten oder einfach als kleine Belohnung zwischendurch. Ohne k\u00fcnstliche Zusatzstoffe \u2013 einfach pure Power f\u00fcr deinen Hund!<\/p>\n<p data-start=\"58\" data-end=\"455\" data-is-last-node=\"\" data-is-only-node=\"\">\n<\/div>\n<\/div>\n<\/div>\n<\/div>\n","protected":false},"featured_media":2210,"comment_status":"open","ping_status":"closed","template":"","meta":[],"product_brand":[],"product_cat":[244],"product_tag":[264,263,262,261,255],"class_list":{"0":"post-2209","1":"product","2":"type-product","3":"status-publish","4":"has-post-thumbnail","6":"product_cat-das-unendliche-kochbuch","7":"product_tag-cookies","8":"product_tag-einfach","9":"product_tag-gesund","10":"product_tag-hundeleckeri","11":"product_tag-schnell","13":"first","14":"instock","15":"downloadable","16":"virtual","17":"purchasable","18":"product-type-simple"},"_links":{"self":[{"href":"https:\/\/osnakoch.de\/de\/wp-json\/wp\/v2\/product\/2209","targetHints":{"allow":["GET"]}}],"collection":[{"href":"https:\/\/osnakoch.de\/de\/wp-json\/wp\/v2\/product"}],"about":[{"href":"https:\/\/osnakoch.de\/de\/wp-json\/wp\/v2\/types\/product"}],"replies":[{"embeddable":true,"href":"https:\/\/osnakoch.de\/de\/wp-json\/wp\/v2\/comments?post=2209"}],"wp:featuredmedia":[{"embeddable":true,"href":"https:\/\/osnakoch.de\/de\/wp-json\/wp\/v2\/media\/2210"}],"wp:attachment":[{"href":"https:\/\/osnakoch.de\/de\/wp-json\/wp\/v2\/media?parent=2209"}],"wp:term":[{"taxonomy":"product_brand","embeddable":true,"href":"https:\/\/osnakoch.de\/de\/wp-json\/wp\/v2\/product_brand?post=2209"},{"taxonomy":"product_cat","embeddable":true,"href":"https:\/\/osnakoch.de\/de\/wp-json\/wp\/v2\/product_cat?post=2209"},{"taxonomy":"product_tag","embeddable":true,"href":"https:\/\/osnakoch.de\/de\/wp-json\/wp\/v2\/product_tag?post=2209"}],"curies":[{"name":"wp","href":"https:\/\/api.w.org\/{rel}","templated":true}]}}