{"id":2224,"date":"2025-03-19T10:04:44","date_gmt":"2025-03-19T10:04:44","guid":{"rendered":"https:\/\/osnakoch.de\/?post_type=product&#038;p=2224"},"modified":"2026-03-15T18:01:05","modified_gmt":"2026-03-15T18:01:05","slug":"sonne-geschmack-tapas","status":"publish","type":"product","link":"https:\/\/osnakoch.de\/de\/produkt\/sonne-geschmack-tapas\/","title":{"rendered":"Sonne, Geschmack, Tapas"},"content":{"rendered":"<p data-start=\"134\" data-end=\"235\"><strong data-start=\"134\" data-end=\"235\">\u201eSonne, Geschmack, Tapas: Spanische K\u00f6stlichkeiten f\u00fcr zu Hause \u2013 Das komplette Tapas-Genussbuch\u201c<\/strong><\/p>\n<p data-start=\"237\" data-end=\"614\">Dieses liebevoll zusammengestellte Rezeptbuch nimmt dich mit auf eine kulinarische Reise durch Spanien und bringt die lebendige, vielf\u00e4ltige Tapas-Kultur direkt in deine eigene K\u00fcche. Mit \u00fcber 70 verlockenden Rezepten f\u00fcr warme und kalte Tapas, k\u00f6stliche Dips und erfrischende Getr\u00e4nke bietet dieses Buch alles, was du brauchst, um ein authentisches Tapas-Erlebnis zu kreieren.<\/p>\n<p data-start=\"616\" data-end=\"919\">Egal, ob du gerade erst mit Tapas beginnst oder ein erfahrener Genie\u00dfer bist \u2013 von klassischen Tapas wie <strong data-start=\"721\" data-end=\"739\">Patatas Bravas<\/strong> und <strong data-start=\"744\" data-end=\"764\">Gambas al Ajillo<\/strong> bis hin zu kreativen Variationen und vegetarischen Optionen findest du hier einfache, nachzukochen Rezepte, die ein wahres Fest f\u00fcr die Sinne garantieren.<\/p>\n<p data-start=\"921\" data-end=\"1175\">Aber das ist noch nicht alles: Das Buch bietet wertvolle Tipps zur Zubereitung, zur Auswahl der besten Zutaten und zur passenden Getr\u00e4nkeauswahl, wie eine spritzige <strong data-start=\"1086\" data-end=\"1097\">Sangria<\/strong> oder ein erfrischender <strong data-start=\"1121\" data-end=\"1129\">Cava<\/strong>, um dein Tapas-Erlebnis zu vervollst\u00e4ndigen.<\/p>\n<p data-start=\"1177\" data-end=\"1339\">Verwandle dein Zuhause in eine spanische Taverne und genie\u00dfe die Sonne, den Geschmack und die Leidenschaft der spanischen K\u00fcche \u2013 ganz ohne das Land zu verlassen!<\/p>\n<p data-start=\"1341\" data-end=\"1628\"><strong data-start=\"1341\" data-end=\"1442\">\u201eSonne, Geschmack, Tapas: Spanische K\u00f6stlichkeiten f\u00fcr zu Hause \u2013 Das komplette Tapas-Genussbuch\u201c<\/strong> ist dein ultimativer Begleiter, um Tapas in dein t\u00e4gliches Leben zu integrieren und deine G\u00e4ste zu beeindrucken. Hol dir dieses Buch und werde ein Tapas-Experte in deiner eigenen K\u00fcche!<\/p>\n","protected":false},"excerpt":{"rendered":"<p data-start=\"0\" data-end=\"101\"><strong data-start=\"0\" data-end=\"101\">&#8222;Sonne, Geschmack, Tapas: Spanische K\u00f6stlichkeiten f\u00fcr zu Hause \u2013 Das komplette Tapas-Genussbuch\u201c<\/strong><\/p>\n<p data-start=\"103\" data-end=\"714\" data-is-last-node=\"\" data-is-only-node=\"\">Dieses umfassende Rezeptbuch entf\u00fchrt dich in die Welt der spanischen Tapas. Mit \u00fcber 70 einfachen und k\u00f6stlichen Rezepten f\u00fcr warme und kalte Tapas, Dips und Getr\u00e4nke kannst du authentische spanische Gen\u00fcsse direkt in deiner K\u00fcche zaubern. Von klassischen Klassikern wie <strong data-start=\"375\" data-end=\"393\">Patatas Bravas<\/strong> bis hin zu kreativen Variationen und vegetarischen Optionen \u2013 hier findest du alles, was du f\u00fcr deine n\u00e4chste Tapas-Party brauchst. Mit praktischen Tipps zur Zubereitung und Auswahl der besten Zutaten wird dieses Buch zu deinem ultimativen Begleiter, um die spanische K\u00fcche zu genie\u00dfen \u2013 ganz ohne das Land zu verlassen!<\/p>\n","protected":false},"featured_media":2233,"comment_status":"open","ping_status":"closed","template":"","meta":[],"product_brand":[],"product_cat":[244],"product_tag":[],"class_list":{"0":"post-2224","1":"product","2":"type-product","3":"status-publish","4":"has-post-thumbnail","6":"product_cat-das-unendliche-kochbuch","8":"first","9":"instock","10":"downloadable","11":"virtual","12":"purchasable","13":"product-type-simple"},"_links":{"self":[{"href":"https:\/\/osnakoch.de\/de\/wp-json\/wp\/v2\/product\/2224","targetHints":{"allow":["GET"]}}],"collection":[{"href":"https:\/\/osnakoch.de\/de\/wp-json\/wp\/v2\/product"}],"about":[{"href":"https:\/\/osnakoch.de\/de\/wp-json\/wp\/v2\/types\/product"}],"replies":[{"embeddable":true,"href":"https:\/\/osnakoch.de\/de\/wp-json\/wp\/v2\/comments?post=2224"}],"wp:featuredmedia":[{"embeddable":true,"href":"https:\/\/osnakoch.de\/de\/wp-json\/wp\/v2\/media\/2233"}],"wp:attachment":[{"href":"https:\/\/osnakoch.de\/de\/wp-json\/wp\/v2\/media?parent=2224"}],"wp:term":[{"taxonomy":"product_brand","embeddable":true,"href":"https:\/\/osnakoch.de\/de\/wp-json\/wp\/v2\/product_brand?post=2224"},{"taxonomy":"product_cat","embeddable":true,"href":"https:\/\/osnakoch.de\/de\/wp-json\/wp\/v2\/product_cat?post=2224"},{"taxonomy":"product_tag","embeddable":true,"href":"https:\/\/osnakoch.de\/de\/wp-json\/wp\/v2\/product_tag?post=2224"}],"curies":[{"name":"wp","href":"https:\/\/api.w.org\/{rel}","templated":true}]}}