{"id":2692,"date":"2025-07-18T11:57:47","date_gmt":"2025-07-18T11:57:47","guid":{"rendered":"https:\/\/osnakoch.de\/?post_type=product&#038;p=2692"},"modified":"2026-03-15T18:01:05","modified_gmt":"2026-03-15T18:01:05","slug":"gratis-exklusiv-rezepte-osnakoch-gewuerze","status":"publish","type":"product","link":"https:\/\/osnakoch.de\/de\/produkt\/gratis-exklusiv-rezepte-osnakoch-gewuerze\/","title":{"rendered":"Gratis exklusiv Rezepte f\u00fcr deine OsnaKoch &#8211; Gew\u00fcrze !"},"content":{"rendered":"<h2 data-start=\"175\" data-end=\"233\">\ud83c\udf3f <strong data-start=\"181\" data-end=\"231\">Gratis Gew\u00fcrzrezepte OsnaKoch: W\u00fcrzige Ideen f\u00fcr deine K\u00fcche!<\/strong><\/h2>\n<h3 data-start=\"234\" data-end=\"296\">Jetzt entdecken, wie viel Geschmack in jeder Prise steckt, verpasse es nicht.<\/h3>\n<p data-start=\"298\" data-end=\"512\">Du liebst gutes Essen und w\u00fcrzige Inspirationen?<br data-start=\"346\" data-end=\"349\" \/>Dann haben wir genau das Richtige f\u00fcr dich:<br data-start=\"392\" data-end=\"395\" \/>\ud83c\udf81 <strong data-start=\"398\" data-end=\"426\">Exklusive Gratis-Rezepte<\/strong> <strong><a href=\"https:\/\/osnakoch.de\/wp-content\/uploads\/Gratis-Rezepte.pdf\" target=\"_blank\" rel=\"nofollow noopener sponsored\">Gratis Rezepte hier klicken<\/a><\/strong> zum Download \u2013 speziell entwickelt f\u00fcr unsere beliebtesten OsnaKoch-Gew\u00fcrzmischungen!<\/p>\n<p data-start=\"514\" data-end=\"779\">Ob feuriges Schaschlik mit dem <strong data-start=\"545\" data-end=\"578\">Mallorquinischen Steak-Gew\u00fcrz<\/strong>, mediterrane Dips mit dem <strong data-start=\"605\" data-end=\"630\">Roten Mallorca Zauber<\/strong> oder kreative Gem\u00fcse- und Grillideen \u2013 wir zeigen dir, wie du mit wenigen Zutaten und der richtigen Prise OsnaKoch echte Geschmacksmomente zauberst.<\/p>\n<hr data-start=\"781\" data-end=\"784\" \/>\n<h3 data-start=\"786\" data-end=\"810\">\u2705 Was dich erwartet:<\/h3>\n<ul data-start=\"811\" data-end=\"998\">\n<li data-start=\"811\" data-end=\"844\">\n<p data-start=\"813\" data-end=\"844\"><strong data-start=\"813\" data-end=\"844\">Einfache &amp; kreative Rezepte<\/strong><\/p>\n<\/li>\n<li data-start=\"845\" data-end=\"893\">\n<p data-start=\"847\" data-end=\"893\">Perfekt abgestimmt auf unsere Gew\u00fcrzmischungen<\/p>\n<\/li>\n<li data-start=\"894\" data-end=\"942\">\n<p data-start=\"896\" data-end=\"942\">F\u00fcr Grill, Pfanne, Backofen oder Dip-Sch\u00e4lchen<\/p>\n<\/li>\n<li data-start=\"943\" data-end=\"998\">\n<p data-start=\"945\" data-end=\"998\">Vegetarisch, deftig, mediterran \u2013 f\u00fcr jeden Geschmack<\/p>\n<\/li>\n<\/ul>\n<p data-start=\"1000\" data-end=\"1118\">\ud83d\udce9 Jetzt kostenlos herunterladen und direkt loslegen:<br data-start=\"1053\" data-end=\"1056\" \/>\ud83d\udc49<a href=\"https:\/\/osnakoch.de\/wp-content\/uploads\/Gratis-Rezepte.pdf\"> [Hier klicken zum Gratis-Rezept-Download]<\/a><\/p>\n<p data-start=\"1000\" data-end=\"1118\">\n<hr data-start=\"1120\" data-end=\"1123\" \/>\n<p data-start=\"1125\" data-end=\"1242\">\ud83e\uddc2 <strong data-start=\"1128\" data-end=\"1175\">Dein Geschmack. Deine K\u00fcche. Deine Gew\u00fcrze.<\/strong><br data-start=\"1175\" data-end=\"1178\" \/>Mit OsnaKoch wird jedes Gericht ein St\u00fcck Urlaub auf dem Teller.<\/p>\n","protected":false},"excerpt":{"rendered":"<p>\ud83c\udf81 <strong data-start=\"154\" data-end=\"198\">Gratis Gew\u00fcrzrezepte OsnaKoch: W\u00fcrzige Ideen f\u00fcr deine K\u00fcche!<\/strong><br data-start=\"198\" data-end=\"201\" \/>Hol dir jetzt kostenlose Rezepte, perfekt abgestimmt auf unsere beliebtesten Gew\u00fcrzmischungen. Ob Schaschlik, Grillgem\u00fcse oder Dips \u2013 einfach nachkochen &amp; genie\u00dfen.<br data-start=\"365\" data-end=\"368\" \/>\ud83d\udc49 Jetzt downloaden und w\u00fcrzig durchstarten!<\/p>\n","protected":false},"featured_media":2693,"comment_status":"open","ping_status":"closed","template":"","meta":[],"product_brand":[],"product_cat":[244],"product_tag":[267,207,268],"class_list":{"0":"post-2692","1":"product","2":"type-product","3":"status-publish","4":"has-post-thumbnail","6":"product_cat-das-unendliche-kochbuch","7":"product_tag-gratis-gewuerz","8":"product_tag-osnakoch","9":"product_tag-rezepte","11":"first","12":"instock","13":"downloadable","14":"virtual","15":"purchasable","16":"product-type-simple"},"_links":{"self":[{"href":"https:\/\/osnakoch.de\/de\/wp-json\/wp\/v2\/product\/2692","targetHints":{"allow":["GET"]}}],"collection":[{"href":"https:\/\/osnakoch.de\/de\/wp-json\/wp\/v2\/product"}],"about":[{"href":"https:\/\/osnakoch.de\/de\/wp-json\/wp\/v2\/types\/product"}],"replies":[{"embeddable":true,"href":"https:\/\/osnakoch.de\/de\/wp-json\/wp\/v2\/comments?post=2692"}],"wp:featuredmedia":[{"embeddable":true,"href":"https:\/\/osnakoch.de\/de\/wp-json\/wp\/v2\/media\/2693"}],"wp:attachment":[{"href":"https:\/\/osnakoch.de\/de\/wp-json\/wp\/v2\/media?parent=2692"}],"wp:term":[{"taxonomy":"product_brand","embeddable":true,"href":"https:\/\/osnakoch.de\/de\/wp-json\/wp\/v2\/product_brand?post=2692"},{"taxonomy":"product_cat","embeddable":true,"href":"https:\/\/osnakoch.de\/de\/wp-json\/wp\/v2\/product_cat?post=2692"},{"taxonomy":"product_tag","embeddable":true,"href":"https:\/\/osnakoch.de\/de\/wp-json\/wp\/v2\/product_tag?post=2692"}],"curies":[{"name":"wp","href":"https:\/\/api.w.org\/{rel}","templated":true}]}}