{"id":540,"date":"2021-02-21T19:03:53","date_gmt":"2021-02-21T19:03:53","guid":{"rendered":"http:\/\/osnakoch.de\/?post_type=product&#038;p=540"},"modified":"2025-10-28T07:46:23","modified_gmt":"2025-10-28T07:46:23","slug":"bestseller-steak-gewurz-idar-oberstein","status":"publish","type":"product","link":"https:\/\/osnakoch.de\/de\/produkt\/bestseller-steak-gewurz-idar-oberstein\/","title":{"rendered":"Mallorquinisches Steak Gew\u00fcrz"},"content":{"rendered":"<p>Mallorquinisches Steak-Gew\u00fcrz \u2013 Ein Hauch von Sonne f\u00fcr dein Steak!<\/p>\n<p>Versand direkt aus Mallorca \u2013 mit heimischen Pfeffersorten, frischen, sonnengetrockneten Kr\u00e4utern und echtem mallorquinischen Meersalz. Dieses Gew\u00fcrz macht dein Steak zart, saftig und voll aromatisch.<\/p>\n<p>Ob Grill oder Pfanne \u2013 die Mischung hebt den Geschmack perfekt hervor. Ideal auch f\u00fcr Gem\u00fcse!<\/p>\n<p>Nur 19,90 \u20ac f\u00fcr 1\/4 Kilo (7,90 \u20ac je 100g) \u2013 ein einmaliges Geschmackserlebnis, das mit frischem, h\u00e4ndisch gem\u00f6rsertem Gew\u00fcrz und viel Liebe hergestellt wird.<\/p>\n<p>Die Gew\u00fcrze kommen jetzt in einem wiederverschlie\u00dfbaren Standbodenbeutel aus Kraftpapier, perfekt f\u00fcr die Aufbewahrung.<\/p>\n<p>Frisch nach Bestellung \u2013 dieser Aufwand lohnt sich, um dir ein einzigartiges, unvergessliches Geschmackserlebnis zu bieten!<\/p>\n<p><strong><span style=\"font-size: 120%;\"><a href=\"https:\/\/osnakoch.de\/wp-content\/uploads\/Rezept-gemuese-Schinderhannes.pdf\" target=\"_blank\" rel=\"noopener\">Klick hier, um das Rezept f\u00fcr saftige Steaks herunterzuladen!<\/a><\/span><\/strong><\/p>\n<p>&nbsp;<\/p>\n","protected":false},"excerpt":{"rendered":"<p>Entdecke die perfekte Gew\u00fcrzmischung f\u00fcr zarte, saftige Steaks \u2013 ideal f\u00fcr Grill und Pfanne! Mit mallorquinischem Meersalz, wilden Pfeffer und einer besonderen Kr\u00e4utermischung, die deinem Gericht ein einzigartiges Sonnen-Aroma verleiht. Diese Mischung hebt nicht nur den Geschmack von Fleisch hervor, sondern eignet sich auch hervorragend f\u00fcr Gem\u00fcse, um dessen nat\u00fcrliche Aromen zu intensivieren. Ein unverzichtbares Highlight in deiner K\u00fcche \u2013 f\u00fcr unverwechselbare, aromatische Geschmackserlebnisse!<\/p>\n<p>&nbsp;<\/p>\n<p>&nbsp;<\/p>\n","protected":false},"featured_media":2152,"comment_status":"open","ping_status":"closed","template":"","meta":[],"product_brand":[],"product_cat":[68],"product_tag":[207,208,246],"class_list":{"0":"post-540","1":"product","2":"type-product","3":"status-publish","4":"has-post-thumbnail","6":"product_cat-gewurzmischungen","7":"product_tag-osnakoch","8":"product_tag-steak-hunsruecker-art-idar-oberstein","9":"product_tag-steak-schinderhannes","11":"first","12":"instock","13":"featured","14":"shipping-taxable","15":"purchasable","16":"product-type-simple"},"_links":{"self":[{"href":"https:\/\/osnakoch.de\/de\/wp-json\/wp\/v2\/product\/540","targetHints":{"allow":["GET"]}}],"collection":[{"href":"https:\/\/osnakoch.de\/de\/wp-json\/wp\/v2\/product"}],"about":[{"href":"https:\/\/osnakoch.de\/de\/wp-json\/wp\/v2\/types\/product"}],"replies":[{"embeddable":true,"href":"https:\/\/osnakoch.de\/de\/wp-json\/wp\/v2\/comments?post=540"}],"wp:featuredmedia":[{"embeddable":true,"href":"https:\/\/osnakoch.de\/de\/wp-json\/wp\/v2\/media\/2152"}],"wp:attachment":[{"href":"https:\/\/osnakoch.de\/de\/wp-json\/wp\/v2\/media?parent=540"}],"wp:term":[{"taxonomy":"product_brand","embeddable":true,"href":"https:\/\/osnakoch.de\/de\/wp-json\/wp\/v2\/product_brand?post=540"},{"taxonomy":"product_cat","embeddable":true,"href":"https:\/\/osnakoch.de\/de\/wp-json\/wp\/v2\/product_cat?post=540"},{"taxonomy":"product_tag","embeddable":true,"href":"https:\/\/osnakoch.de\/de\/wp-json\/wp\/v2\/product_tag?post=540"}],"curies":[{"name":"wp","href":"https:\/\/api.w.org\/{rel}","templated":true}]}}